{"id":25571,"date":"2022-10-16T18:06:31","date_gmt":"2022-10-16T16:06:31","guid":{"rendered":"http:\/\/aesthetik-ocz-bonn.de\/?page_id=25571"},"modified":"2022-10-25T14:14:27","modified_gmt":"2022-10-25T12:14:27","slug":"philosophie","status":"publish","type":"page","link":"https:\/\/aesthetik-ocz-bonn.de\/en\/philosophie\/","title":{"rendered":"Philosophy"},"content":{"rendered":"<p>[et_pb_section fb_built=&#8220;1&#8243; fullwidth=&#8220;on&#8220; _builder_version=&#8220;4.18.0&#8243; _module_preset=&#8220;default&#8220; height=&#8220;1000px&#8220; hover_enabled=&#8220;0&#8243; global_colors_info=&#8220;{}&#8220; height_last_edited=&#8220;on|phone&#8220; height_phone=&#8220;600px&#8220; sticky_enabled=&#8220;0&#8243; height_tablet=&#8220;1000px&#8220;][et_pb_fullwidth_slider _builder_version=&#8220;4.18.0&#8243; _module_preset=&#8220;default&#8220; header_font_size=&#8220;45px&#8220; background_enable_image=&#8220;off&#8220; min_height=&#8220;946.5px&#8220; custom_padding=&#8220;35%|0px||45%|false|false&#8220; hover_enabled=&#8220;0&#8243; global_colors_info=&#8220;{}&#8220; min_height_last_edited=&#8220;on|phone&#8220; min_height_phone=&#8220;600px&#8220; sticky_enabled=&#8220;0&#8243; min_height_tablet=&#8220;946.5px&#8220;][et_pb_slide _builder_version=&#8220;4.18.0&#8243; _module_preset=&#8220;default&#8220; header_level=&#8220;h1&#8243; header_text_color=&#8220;#000000&#8243; header_font_size=&#8220;80px&#8220; body_font_size=&#8220;20px&#8220; background_enable_color=&#8220;off&#8220; background_image=&#8220;http:\/\/aesthetik-ocz-bonn.de\/wp-content\/uploads\/2022\/10\/OCZ_Web_Slider_01-2.jpg&#8220; background_enable_image=&#8220;on&#8220; background_layout=&#8220;light&#8220; width=&#8220;100%&#8220; hover_enabled=&#8220;0&#8243; global_colors_info=&#8220;{}&#8220; button_text__hover_enabled=&#8220;on|desktop&#8220; sticky_transition=&#8220;on&#8220; sticky_enabled=&#8220;0&#8243;][\/et_pb_slide][\/et_pb_fullwidth_slider][\/et_pb_section][et_pb_section fb_built=&#8220;1&#8243; _builder_version=&#8220;4.18.0&#8243; _module_preset=&#8220;default&#8220; custom_padding=&#8220;50px||50px||false|false&#8220; global_colors_info=&#8220;{}&#8220;][et_pb_row _builder_version=&#8220;4.18.0&#8243; _module_preset=&#8220;default&#8220; global_colors_info=&#8220;{}&#8220;][et_pb_column type=&#8220;4_4&#8243; _builder_version=&#8220;4.18.0&#8243; _module_preset=&#8220;default&#8220; global_colors_info=&#8220;{}&#8220;][et_pb_text _builder_version=&#8220;4.18.0&#8243; _module_preset=&#8220;default&#8220; header_3_font_size=&#8220;28px&#8220; global_colors_info=&#8220;{}&#8220;]<\/p>\n<h3>\u201cEveryone carries the archetype of their own beauty within themselves, and seeks the same archetype in the wide world.\u201d<\/h3>\n<p>Blaise Pascal<\/p>\n<p>[\/et_pb_text][\/et_pb_column][\/et_pb_row][\/et_pb_section][et_pb_section fb_built=&#8220;1&#8243; _builder_version=&#8220;4.18.0&#8243; _module_preset=&#8220;default&#8220; background_image=&#8220;http:\/\/aesthetik-ocz-bonn.de\/wp-content\/uploads\/2022\/10\/OCZ_Web_Terminvergabe-1.jpg&#8220; custom_padding=&#8220;50px||50px||false|false&#8220; global_colors_info=&#8220;{}&#8220;][et_pb_row column_structure=&#8220;1_2,1_2&#8243; _builder_version=&#8220;4.18.0&#8243; _module_preset=&#8220;default&#8220; global_colors_info=&#8220;{}&#8220;][et_pb_column type=&#8220;1_2&#8243; _builder_version=&#8220;4.18.0&#8243; _module_preset=&#8220;default&#8220; global_colors_info=&#8220;{}&#8220;][et_pb_text _builder_version=&#8220;4.18.0&#8243; _module_preset=&#8220;default&#8220; text_text_color=&#8220;#FFFFFF&#8220; header_text_color=&#8220;#000000&#8243; header_font_size=&#8220;28px&#8220; header_2_text_color=&#8220;#000000&#8243; header_2_font_size=&#8220;21px&#8220; global_colors_info=&#8220;{}&#8220;]<\/p>\n<h2><span style=\"color: #ffffff;\">Because beauty means health, aesthetics is medicine<\/span><\/h2>\n<p>[\/et_pb_text][et_pb_text _builder_version=&#8220;4.18.0&#8243; _module_preset=&#8220;default&#8220; text_text_color=&#8220;#000000&#8243; global_colors_info=&#8220;{}&#8220;]<\/p>\n<p><span style=\"color: #ffffff;\">At the Centre for Aesthetic Medicine, we view people holistically \u2013 in terms of both their inner and their outer integrity. Spiritual wellbeing is just as important as physical wellbeing. We believe, therefore, that the need for a well-proportioned physical appearance is a need that supports health. As medical practitioners, our goal is to achieve ideal beauty in harmony with physical health.<\/span><\/p>\n<p><span style=\"color: #ffffff;\">In the same way, when we look at a person, we have a responsibility to always view aesthetic aspects in connection with medical aspects. We support you \u2013 with professional expertise of the highest standard and human attention. Choose to place your body in the hands of specialists who have earned the necessary qualifications for this, and will look after you with dedication and sound judgement. It\u2019s not without reason that only doctors are permitted to provide the removal of unwanted tattoos and permanent makeup.<\/span><\/p>\n<p>[\/et_pb_text][\/et_pb_column][et_pb_column type=&#8220;1_2&#8243; _builder_version=&#8220;4.18.0&#8243; _module_preset=&#8220;default&#8220; global_colors_info=&#8220;{}&#8220;][et_pb_text _builder_version=&#8220;4.18.0&#8243; _module_preset=&#8220;default&#8220; text_text_color=&#8220;#FFFFFF&#8220; header_text_color=&#8220;#FFFFFF&#8220; header_2_text_color=&#8220;#FFFFFF&#8220; header_2_font_size=&#8220;21px&#8220; global_colors_info=&#8220;{}&#8220;]<\/p>\n<h2>&nbsp;<\/h2>\n<p>[\/et_pb_text][et_pb_text _builder_version=&#8220;4.18.0&#8243; _module_preset=&#8220;default&#8220; text_text_color=&#8220;#000000&#8243; global_colors_info=&#8220;{}&#8220;]<\/p>\n<p><span style=\"color: #ffffff;\">We consider it our task is to restore or perfect your quality of life. We are supported in this task not only by our expertise and experience, but also by our state-of-the-art facilities and our principle of looking after our patients personally at every moment, and listening to them carefully. Our procedures have stood the test of time, and we do everything we can to exclude any risks from the treatment in advance. We also take care to ensure the treatment is pain-free, as far as it allows.<\/span><\/p>\n<p><span style=\"color: #ffffff;\">We promise you: as our patient, we treat you according to the highest international standards and devote our utmost attention to you at all times. This is because the way you look makes a crucial contribution to a positive attitude to life, and supports your psychological equilibrium long term.<\/span><\/p>\n<p>[\/et_pb_text][\/et_pb_column][\/et_pb_row][\/et_pb_section][et_pb_section fb_built=&#8220;1&#8243; _builder_version=&#8220;4.18.0&#8243; _module_preset=&#8220;default&#8220; background_color=&#8220;#f7f7f7&#8243; custom_padding=&#8220;0px||0px||false|false&#8220; global_colors_info=&#8220;{}&#8220;][et_pb_row column_structure=&#8220;1_2,1_2&#8243; make_equal=&#8220;on&#8220; _builder_version=&#8220;4.18.0&#8243; _module_preset=&#8220;default&#8220; background_color=&#8220;#fafafa&#8220; width=&#8220;100%&#8220; max_width=&#8220;100%&#8220; min_height=&#8220;100px&#8220; custom_margin=&#8220;||0px||false|false&#8220; custom_padding=&#8220;0px||0px||false|false&#8220; hover_enabled=&#8220;0&#8243; global_colors_info=&#8220;{}&#8220; sticky_enabled=&#8220;0&#8243;][et_pb_column type=&#8220;1_2&#8243; module_id=&#8220;sportmedizin-text&#8220; _builder_version=&#8220;4.18.0&#8243; _module_preset=&#8220;default&#8220; custom_padding=&#8220;|||80px|false|false&#8220; hover_enabled=&#8220;0&#8243; global_colors_info=&#8220;{}&#8220; custom_padding_last_edited=&#8220;on|phone&#8220; custom_padding_phone=&#8220;|40px|40px|40px|false|false&#8220; sticky_enabled=&#8220;0&#8243; custom_padding_tablet=&#8220;|||80px|false|false&#8220;][et_pb_text _builder_version=&#8220;4.18.0&#8243; _module_preset=&#8220;default&#8220; width=&#8220;100%&#8220; custom_margin=&#8220;||0px||false|false&#8220; custom_padding=&#8220;150px|80px|||false|false&#8220; hover_enabled=&#8220;0&#8243; global_colors_info=&#8220;{}&#8220; custom_padding_last_edited=&#8220;on|phone&#8220; custom_padding_phone=&#8220;70px|0px|||false|false&#8220; sticky_enabled=&#8220;0&#8243; custom_padding_tablet=&#8220;150px|80px|||false|false&#8220;]<\/p>\n<h2>Das OCZ am Rhein<\/h2>\n<p>[\/et_pb_text][et_pb_divider color=&#8220;#000000&#8243; _builder_version=&#8220;4.18.0&#8243; _module_preset=&#8220;default&#8220; width=&#8220;26%&#8220; module_alignment=&#8220;left&#8220; custom_margin=&#8220;||0px|||&#8220; global_colors_info=&#8220;{}&#8220;][\/et_pb_divider][et_pb_text _builder_version=&#8220;4.18.0&#8243; _module_preset=&#8220;default&#8220; text_font_size=&#8220;14px&#8220; text_line_height=&#8220;1.95em&#8220; width=&#8220;100%&#8220; custom_margin=&#8220;||||false|false&#8220; custom_padding=&#8220;|80px|||false|false&#8220; hover_enabled=&#8220;0&#8243; global_colors_info=&#8220;{}&#8220; custom_padding_last_edited=&#8220;on|phone&#8220; custom_padding_phone=&#8220;|0px|||false|false&#8220; sticky_enabled=&#8220;0&#8243; custom_padding_tablet=&#8220;|80px|||false|false&#8220;]<\/p>\n<p>OCZ am Rhein is a private treatment centre for orthopaedics and surgery in Bad Godesberg, Bonn\u2019s world-famous embassy location with its cosmopolitan population. Our doctors\u2019 high level of expertise in the field of aesthetic medicine is the fruit of their many years of in-depth experience in trauma surgery, post-operative treatment and surgical or conservative procedures in the field of orthopaedics. For example, plasma therapy has also been used with success for treatments of the locomotor apparatus for many years.<\/p>\n<p>A particular specialisation of the orthopaedic surgery discipline is shoulder, elbow and hand surgery. We treat sportspeople and performing artists, and are also active as an accident insurance consultant.<\/p>\n<p>[\/et_pb_text][et_pb_button button_url=&#8220;https:\/\/ocz-am-rhein.de&#8220; button_text=&#8220;Hauptseite&#8220; _builder_version=&#8220;4.18.0&#8243; _module_preset=&#8220;default&#8220; global_colors_info=&#8220;{}&#8220;][\/et_pb_button][\/et_pb_column][et_pb_column type=&#8220;1_2&#8243; module_id=&#8220;sportmedizin-bild&#8220; _builder_version=&#8220;4.18.0&#8243; _module_preset=&#8220;default&#8220; background_enable_image=&#8220;off&#8220; custom_padding=&#8220;||||false|false&#8220; global_colors_info=&#8220;{}&#8220;][et_pb_image src=&#8220;http:\/\/aesthetik-ocz-bonn.de\/wp-content\/uploads\/2022\/10\/OCZ_Web_OCZ_am_Rhein_Paralax-scaled.jpg&#8220; title_text=&#8220;OCZ_Web_OCZ_am_Rhein_Paralax&#8220; _builder_version=&#8220;4.18.0&#8243; _module_preset=&#8220;default&#8220; max_height=&#8220;650px&#8220; custom_margin=&#8220;0px||0px||false|false&#8220; custom_padding=&#8220;0px||0px||false|false&#8220; global_colors_info=&#8220;{}&#8220;][\/et_pb_image][\/et_pb_column][\/et_pb_row][\/et_pb_section][et_pb_section fb_built=&#8220;1&#8243; _builder_version=&#8220;4.18.0&#8243; _module_preset=&#8220;default&#8220; background_image=&#8220;http:\/\/aesthetik-ocz-bonn.de\/wp-content\/uploads\/2022\/10\/OCZ_Web_Terminvergabe-2.jpg&#8220; global_colors_info=&#8220;{}&#8220;][et_pb_row _builder_version=&#8220;4.18.0&#8243; _module_preset=&#8220;default&#8220; global_colors_info=&#8220;{}&#8220;][et_pb_column type=&#8220;4_4&#8243; _builder_version=&#8220;4.18.0&#8243; _module_preset=&#8220;default&#8220; global_colors_info=&#8220;{}&#8220;][et_pb_text _builder_version=&#8220;4.18.0&#8243; _module_preset=&#8220;default&#8220; text_text_color=&#8220;#FFFFFF&#8220; header_text_color=&#8220;#FFFFFF&#8220; header_2_text_color=&#8220;#FFFFFF&#8220; header_2_line_height=&#8220;3em&#8220; global_colors_info=&#8220;{}&#8220;]<\/p>\n<h2 style=\"text-align: center;\">Book an appointment<\/h2>\n<p style=\"text-align: center;\">We devote a lot of time to you to get a thorough anamnesis and make an informed diagnosis. We carry out treatments without any waiting period. We will be more than happy to organise your journey here and a comfortable place to stay, because we don\u2019t just regard you as a patient, but also as our guest. Arrange an initial meeting with us here \u2013 by video call if you wish. We look forward to seeing you!<\/p>\n<p>[\/et_pb_text][et_pb_button button_url=&#8220;https:\/\/www.doctolib.de\/orthopadie\/bonn\/marcus-raum?utm_campaign=website-button&#038;utm_source=marcus-raum-website-button&#038;utm_medium=referral&#038;utm_content=option-1&#038;utm_term=marcus-raum&#8220; button_text=&#8220;Termin vereinbaren&#8220; button_alignment=&#8220;center&#8220; _builder_version=&#8220;4.18.0&#8243; _module_preset=&#8220;default&#8220; button_border_color=&#8220;#FFFFFF&#8220; global_colors_info=&#8220;{}&#8220;][\/et_pb_button][\/et_pb_column][\/et_pb_row][\/et_pb_section]<\/p>","protected":false},"excerpt":{"rendered":"<p>&#8222;Jeder tr\u00e4gt das Urbild seiner Sch\u00f6nheit in sich, dessen Ebenbild er in der weiten Welt sucht.&#8220; Blaise PascalWeil Sch\u00f6nheit Gesundheit bedeutet, ist \u00c4sthetik MedizinIm \u00c4sthetisch-Medizinischen Zentrum betrachten wir den Menschen ganzheitlich \u2013 in seiner inneren und \u00e4u\u00dferen Integrit\u00e4t. Seelisches Wohlbefinden ist ebenso wichtig wie k\u00f6rperliches. Daher ist das Bed\u00fcrfnis nach einem ebenm\u00e4\u00dfigen Erscheinungsbild unserer Ansicht [&hellip;]<\/p>","protected":false},"author":1,"featured_media":0,"parent":0,"menu_order":0,"comment_status":"closed","ping_status":"closed","template":"","meta":{"_et_pb_use_builder":"on","_et_pb_old_content":"","_et_gb_content_width":"","footnotes":""},"class_list":["post-25571","page","type-page","status-publish","hentry"],"_links":{"self":[{"href":"https:\/\/aesthetik-ocz-bonn.de\/en\/wp-json\/wp\/v2\/pages\/25571","targetHints":{"allow":["GET"]}}],"collection":[{"href":"https:\/\/aesthetik-ocz-bonn.de\/en\/wp-json\/wp\/v2\/pages"}],"about":[{"href":"https:\/\/aesthetik-ocz-bonn.de\/en\/wp-json\/wp\/v2\/types\/page"}],"author":[{"embeddable":true,"href":"https:\/\/aesthetik-ocz-bonn.de\/en\/wp-json\/wp\/v2\/users\/1"}],"replies":[{"embeddable":true,"href":"https:\/\/aesthetik-ocz-bonn.de\/en\/wp-json\/wp\/v2\/comments?post=25571"}],"version-history":[{"count":21,"href":"https:\/\/aesthetik-ocz-bonn.de\/en\/wp-json\/wp\/v2\/pages\/25571\/revisions"}],"predecessor-version":[{"id":25882,"href":"https:\/\/aesthetik-ocz-bonn.de\/en\/wp-json\/wp\/v2\/pages\/25571\/revisions\/25882"}],"wp:attachment":[{"href":"https:\/\/aesthetik-ocz-bonn.de\/en\/wp-json\/wp\/v2\/media?parent=25571"}],"curies":[{"name":"wp","href":"https:\/\/api.w.org\/{rel}","templated":true}]}}