{"id":25526,"date":"2022-10-16T15:15:35","date_gmt":"2022-10-16T13:15:35","guid":{"rendered":"http:\/\/aesthetik-ocz-bonn.de\/?page_id=25526"},"modified":"2022-10-25T15:23:15","modified_gmt":"2022-10-25T13:23:15","slug":"preise","status":"publish","type":"page","link":"https:\/\/aesthetik-ocz-bonn.de\/en\/preise\/","title":{"rendered":"Prices"},"content":{"rendered":"<p>[et_pb_section fb_built=&#8220;1&#8243; fullwidth=&#8220;on&#8220; _builder_version=&#8220;4.18.0&#8243; _module_preset=&#8220;default&#8220; height=&#8220;1000px&#8220; hover_enabled=&#8220;0&#8243; global_colors_info=&#8220;{}&#8220; height_last_edited=&#8220;on|phone&#8220; height_phone=&#8220;600px&#8220; sticky_enabled=&#8220;0&#8243; height_tablet=&#8220;1000px&#8220;][et_pb_fullwidth_slider _builder_version=&#8220;4.18.0&#8243; _module_preset=&#8220;default&#8220; header_text_align=&#8220;left&#8220; header_font_size=&#8220;45px&#8220; background_enable_image=&#8220;off&#8220; text_orientation=&#8220;left&#8220; width=&#8220;100%&#8220; module_alignment=&#8220;left&#8220; content_width=&#8220;100%&#8220; min_height=&#8220;946.5px&#8220; custom_padding=&#8220;|0px||0px|false|false&#8220; hover_enabled=&#8220;0&#8243; global_colors_info=&#8220;{}&#8220; min_height_last_edited=&#8220;on|phone&#8220; min_height_phone=&#8220;600px&#8220; sticky_enabled=&#8220;0&#8243; min_height_tablet=&#8220;946.5px&#8220;][et_pb_slide _builder_version=&#8220;4.18.0&#8243; _module_preset=&#8220;default&#8220; header_level=&#8220;h2&#8243; header_text_align=&#8220;left&#8220; header_font_size=&#8220;30px&#8220; body_font_size=&#8220;41px&#8220; background_enable_color=&#8220;off&#8220; background_image=&#8220;http:\/\/aesthetik-ocz-bonn.de\/wp-content\/uploads\/2022\/10\/OCZ_Web_Slider_01-2.jpg&#8220; background_enable_image=&#8220;on&#8220; background_position=&#8220;center_left&#8220; text_orientation=&#8220;left&#8220; background_layout=&#8220;light&#8220; custom_padding=&#8220;|0px||0px|false|false&#8220; body_font_tablet=&#8220;&#8220; body_font_phone=&#8220;&#8220; body_font_last_edited=&#8220;on|desktop&#8220; header_text_shadow_style=&#8220;preset1&#8243; header_text_shadow_color=&#8220;#FFFFFF&#8220; text_shadow_style=&#8220;preset1&#8243; text_shadow_color=&#8220;#FFFFFF&#8220; global_colors_info=&#8220;{}&#8220; button_text__hover_enabled=&#8220;on|desktop&#8220; sticky_transition=&#8220;on&#8220;][\/et_pb_slide][\/et_pb_fullwidth_slider][\/et_pb_section][et_pb_section fb_built=&#8220;1&#8243; _builder_version=&#8220;4.18.0&#8243; _module_preset=&#8220;default&#8220; custom_padding=&#8220;4px|||||&#8220; global_colors_info=&#8220;{}&#8220;][et_pb_row _builder_version=&#8220;4.18.0&#8243; _module_preset=&#8220;default&#8220; custom_margin=&#8220;50px||||false|false&#8220; global_colors_info=&#8220;{}&#8220;][et_pb_column type=&#8220;4_4&#8243; _builder_version=&#8220;4.18.0&#8243; _module_preset=&#8220;default&#8220; global_colors_info=&#8220;{}&#8220;][et_pb_text _builder_version=&#8220;4.18.0&#8243; _module_preset=&#8220;default&#8220; global_colors_info=&#8220;{}&#8220;]<\/p>\n<h2>\u201cThough we travel the world over to find the beautiful, we must carry it with us, or we find it not.\u2019<\/h2>\n<p><span>Ralph Waldo Emerson<\/span>[\/et_pb_text][\/et_pb_column][\/et_pb_row][et_pb_row _builder_version=&#8220;4.18.0&#8243; _module_preset=&#8220;default&#8220; global_colors_info=&#8220;{}&#8220;][et_pb_column type=&#8220;4_4&#8243; _builder_version=&#8220;4.18.0&#8243; _module_preset=&#8220;default&#8220; global_colors_info=&#8220;{}&#8220;][et_pb_accordion _builder_version=&#8220;4.18.0&#8243; _module_preset=&#8220;default&#8220; hover_enabled=&#8220;0&#8243; global_colors_info=&#8220;{}&#8220; sticky_enabled=&#8220;0&#8243;][et_pb_accordion_item title=&#8220;Lipolyse&#8220; _builder_version=&#8220;4.18.0&#8243; _module_preset=&#8220;default&#8220; hover_enabled=&#8220;0&#8243; global_colors_info=&#8220;{}&#8220; open=&#8220;off&#8220; sticky_enabled=&#8220;0&#8243;]<\/p>\n<table border=\"1\" style=\"border-collapse: collapse; width: 100%;\">\n<tbody>\n<tr>\n<td style=\"width: 50%;\">Lipolysis<br \/>(pro Behandlung)<\/td>\n<td style=\"width: 50%; text-align: right;\">350,00 \u2013 550,00 \u20ac<\/td>\n<\/tr>\n<\/tbody>\n<\/table>\n<p>Usually, two to three treatments at intervals of five to eight weeks are necessary.<\/p>\n<p>[\/et_pb_accordion_item][et_pb_accordion_item title=&#8220;Botox-Therapie&#8220; _builder_version=&#8220;4.18.0&#8243; _module_preset=&#8220;default&#8220; hover_enabled=&#8220;0&#8243; global_colors_info=&#8220;{}&#8220; open=&#8220;off&#8220; sticky_enabled=&#8220;0&#8243;]<\/p>\n<table border=\"1\" style=\"border-collapse: collapse; width: 100%;\">\n<tbody>\n<tr>\n<td style=\"width: 50%;\">Zornesfalten (je 20 Einheiten)<\/td>\n<td style=\"width: 50%; text-align: right;\">190,00 \u20ac<\/td>\n<\/tr>\n<tr>\n<td style=\"width: 50%;\">Chin wrinkles<br \/>(Bunny lines)<\/td>\n<td style=\"width: 50%; text-align: right;\">170,00 \u20ac<\/td>\n<\/tr>\n<tr>\n<td style=\"width: 50%;\">Crow\u2019s feet<br \/>(per 20 units)<\/td>\n<td style=\"width: 50%; text-align: right;\">190,00 \u20ac<\/td>\n<\/tr>\n<tr>\n<td style=\"width: 50%;\">Nose wrinkles<br \/>(Bunny lines)<\/td>\n<td style=\"width: 50%; text-align: right;\">150,00 \u20ac<\/td>\n<\/tr>\n<tr>\n<td style=\"width: 50%;\">Crow\u2019s feet and frown lines<\/td>\n<td style=\"width: 50%; text-align: right;\">350,00 \u20ac<\/td>\n<\/tr>\n<tr>\n<td style=\"width: 50%;\">Crow\u2019s feet and forehead wrinkles<br \/>(transverse)<\/td>\n<td style=\"width: 50%; text-align: right;\">390,00 \u20ac<\/td>\n<\/tr>\n<tr>\n<td style=\"width: 50%;\">Forehead wrinkles<br \/>(transverse)<\/td>\n<td style=\"width: 50%; text-align: right;\">270,00 \u20ac<\/td>\n<\/tr>\n<tr>\n<td style=\"width: 50%;\">Full face approach<\/td>\n<td style=\"width: 50%; text-align: right;\">600,00 \u20ac<\/td>\n<\/tr>\n<tr>\n<td style=\"width: 50%;\">Per additional unit<\/td>\n<td style=\"width: 50%; text-align: right;\">5,00 \u20ac<\/td>\n<\/tr>\n<\/tbody>\n<\/table>\n<p>The costs of Botox treatment are determined on the one hand by the zone to be treated and, on the other, by the shape of the wrinkles. <strong>behandelnden Zone<\/strong> und andererseits nach der <strong>Auspr\u00e4gung Ihrer Falten<\/strong>.<\/p>\n<p>It you are only looking for a minimal effect, a few units are already sufficient. For a more pronounced effect in the case of deep wrinkles, or treatment of several zones, a higher dosage is required. The price increases with the number of units that are needed.<\/p>\n<p>Deviations from the costs due to individual anatomical factors are possible. Generally speaking, a combination treatment using hyaluronic acid can be carried out. We will be happy to give you detailed advice about your options.<\/p>\n<p>[\/et_pb_accordion_item][et_pb_accordion_item title=&#8220;PRP-Therapie&#8220; _builder_version=&#8220;4.18.0&#8243; _module_preset=&#8220;default&#8220; hover_enabled=&#8220;0&#8243; global_colors_info=&#8220;{}&#8220; open=&#8220;off&#8220; sticky_enabled=&#8220;0&#8243;]<\/p>\n<table border=\"1\" style=\"border-collapse: collapse; width: 100%;\">\n<tbody>\n<tr>\n<td style=\"width: 50%;\">Single treatment<\/td>\n<td style=\"width: 50%;\">starting at \u20ac450.00<\/td>\n<\/tr>\n<tr>\n<td style=\"width: 50%;\">3 treatment sessions at intervals of 4 weeks<\/td>\n<td style=\"width: 50%;\">approx. \u20ac990.00<\/td>\n<\/tr>\n<\/tbody>\n<\/table>\n<table border=\"1\" style=\"border-collapse: collapse; width: 100%;\">\n<tbody>\n<tr>\n<td style=\"width: 50%;\">The exact costs are determined on the one hand by the treatment effort for the relevant part of the skin and, on the other, by the number of areas to be treated. In comparison with booking individual sessions, you can save money by you deciding on a treatment package from the start. This comprises several treatments of one area, which take place at previously agreed intervals.<\/td>\n<\/tbody>\n<\/table>\n<table border=\"1\" style=\"border-collapse: collapse; width: 100%;\">\n<tbody>\n<td style=\"width: 50%;\">We establish the actual costs for your individual PRP therapy together in a non-binding consultation session. During this session, we draw up a precise treatment plan based on the number of sessions required to reach the treatment target.<\/td>\n<\/tr>\n<\/tbody>\n<\/table>\n<p>[\/et_pb_accordion_item][et_pb_accordion_item title=&#8220;Hyaluron-Therapie&#8220; _builder_version=&#8220;4.18.0&#8243; _module_preset=&#8220;default&#8220; hover_enabled=&#8220;0&#8243; global_colors_info=&#8220;{}&#8220; open=&#8220;off&#8220; sticky_enabled=&#8220;0&#8243;]<\/p>\n<table border=\"1\" style=\"border-collapse: collapse; width: 100%; hyphens: auto;\">\n<tbody>\n<tr>\n<td style=\"width: 50%;\">Mundwinkel, Marionettenfalten<br \/>(0,6 ml)<\/td>\n<td style=\"width: 50%; text-align: right;\">250,00 \u20ac<\/td>\n<\/tr>\n<tr>\n<td style=\"width: 50%;\">Mittelgesicht-Volumisierung<br \/>(1 ml)<\/td>\n<td style=\"width: 50%; text-align: right;\">350,00 \u20ac<\/td>\n<\/tr>\n<tr>\n<td style=\"width: 50%;\">Nasolabialfalten<br \/>(1 ml)<\/td>\n<td style=\"width: 50%; text-align: right;\">350,00 \u20ac<\/td>\n<\/tr>\n<tr>\n<td style=\"width: 50%;\">Ohrl\u00e4ppchen<br \/>(1 ml)<\/td>\n<td style=\"width: 50%; text-align: right;\">350,00 \u20ac<\/td>\n<\/tr>\n<tr>\n<td style=\"width: 50%;\">Nasenr\u00fccken<br \/>(0,6 ml)<\/td>\n<td style=\"width: 50%; text-align: right;\">250,00 \u20ac<\/td>\n<\/tr>\n<tr>\n<td style=\"width: 50%;\">Schl\u00e4fen<br \/>(1 ml)<\/td>\n<td style=\"width: 50%; text-align: right;\">350,00 \u20ac<\/td>\n<\/tr>\n<tr>\n<td style=\"width: 50%;\">Lippen-Unterspritzung<br \/>(1 ml\/0,6 ml)<\/td>\n<td style=\"width: 50%; text-align: right;\">350,00\u20ac \/\u00a0250,00 \u20ac<\/td>\n<\/tr>\n<tr>\n<td style=\"width: 50%;\">Volumengebung mit Radiesse\u00ae<br \/>(je 1,5 ml)<\/td>\n<td style=\"width: 50%; text-align: right;\">starting at \u20ac450.00<\/td>\n<\/tr>\n<tr>\n<td style=\"width: 50%;\">Lippenf\u00e4ltchen mit Volbella<br \/>(1 ml)<\/td>\n<td style=\"width: 50%; text-align: right;\">450,00 \u20ac<\/td>\n<\/tr>\n<tr>\n<td style=\"width: 50%;\">Unterkieferrand-Modellierung<br \/>(beim Mann, 1 ml\/2 ml)<\/td>\n<td style=\"width: 50%; text-align: right;\">350,00 &#8211; 600,00 \u20ac<\/td>\n<\/tr>\n<tr>\n<td style=\"width: 50%;\">Jochbein-Volumisierung<br \/>(1 ml)<\/td>\n<td style=\"width: 50%; text-align: right;\">350,00 \u20ac<\/td>\n<\/tr>\n<tr>\n<td style=\"width: 50%;\">Jede weitere Spritze<br \/>( in gleicher Behandlung)<\/td>\n<td style=\"width: 50%; text-align: right;\">250,00 \u20ac<\/td>\n<\/tr>\n<\/tbody>\n<\/table>\n<p>Die Kosten einer Hyalurons\u00e4ure-Behandlung richten sich einerseits nach der ben\u00f6tigten Materialmenge und andererseits nach dem Areal, das behandelt werden soll. Zudem werden f\u00fcr Unterspritzungen in den verschiedenen Anwendungsbereichen jeweils andere Hyalurons\u00e4ure-Pr\u00e4parate herangezogen, was sich im Preis bemerkbar machen kann.<\/p>\n<p>Leichte Abweichungen von den Kosten ergeben sich durch individuelle sowie anatomische Gegebenheiten. Auch eine Kombinationsbehandlung mit Botox ist m\u00f6glich. Gerne beraten wir Sie ausf\u00fchrlich zu allen Optionen.<\/p>\n<p>[\/et_pb_accordion_item][et_pb_accordion_item title=&#8220;Pigment- Tattooentfernung&#8220; open=&#8220;on&#8220; _builder_version=&#8220;4.18.0&#8243; _module_preset=&#8220;default&#8220; hover_enabled=&#8220;0&#8243; global_colors_info=&#8220;{}&#8220; sticky_enabled=&#8220;0&#8243;]<\/p>\n<table border=\"1\" style=\"border-collapse: collapse; width: 100%;\">\n<tbody>\n<tr>\n<td style=\"width: 50%;\">Carbon peel<\/td>\n<td style=\"width: 50%; text-align: right;\">Eine Sitzung: 100,00 EUR<br \/>3 Sitzungen im Paket: 220,00 EUR<\/td>\n<\/tr>\n<tr>\n<td style=\"width: 50%;\">Individual prices<\/td>\n<td style=\"width: 50%; text-align: right;\">Tattoo mini (bis 5 x 5 cm) 89,00 EUR<br \/>\nTattoo klein (bis 5 x 10 cm) 119,00 EUR<br \/>\nTattoo mittel (bis 10 x 10 cm) 169,00 EUR<br \/>\nTattoo gro\u00df (bis 10 x 20 cm) 239,00 EUR<br \/>\nTattoo maximal (bis 20 x 20 cm) 369,00 EUR<\/td>\n<\/tr>\n<tr>\n<td style=\"width: 50%;\">Treatment package, mini (up to 5 x 5 cm)<\/td>\n<td style=\"width: 50%; text-align: right;\">4 Behandlungen 329,00 EUR<br \/>\n8 Behandlungen 599,00 EUR<br \/>\n10 Behandlungen 699,00 EUR<\/td>\n<\/tr>\n<tr>\n<td style=\"width: 50%;\">Treatment package, small (up to 5 x 10 cm)<\/td>\n<td style=\"width: 50%; text-align: right;\">4 Behandlungen 409,00 EUR<br \/>\n8 Behandlungen 759,00 EUR<br \/>\n10 Behandlungen 949,00 EUR<\/td>\n<\/tr>\n<tr>\n<td style=\"width: 50%;\">Treatment package, medium (up to 10 x 10 cm)<\/td>\n<td style=\"width: 50%; text-align: right;\">4 Behandlungen 639,00 EUR<br \/>\n8 Behandlungen 1.159,00 EUR<br \/>\n10 Behandlungen 1.299,00 EUR<\/td>\n<\/tr>\n<tr>\n<td style=\"width: 50%;\">Treatment package, large (up to 10 x 20 cm)<\/td>\n<td style=\"width: 50%; text-align: right;\">4 Behandlungen 909,00 EUR<br \/>\n8 Behandlungen 1.719,00 EUR<br \/>\n10 Behandlungen 1.899,00 EUR<\/td>\n<\/tr>\n<tr>\n<td style=\"width: 50%;\">Treatment package, maxi (up to 20 x 20 cm)<\/td>\n<td style=\"width: 50%; text-align: right;\">4 Behandlungen 1.359,00 EUR<br \/>\n8 Behandlungen 2.419,00 EUR<br \/>\n10 Behandlungen 2.799,00 EUR<\/td>\n<\/tr>\n<tr>\n<td style=\"width: 50%;\">Scar correction<\/td>\n<td style=\"width: 50%; text-align: right;\">by agreement<\/td>\n<\/tr>\n<tr>\n<td style=\"width: 50%;\">Prices for larger treatment areas<\/td>\n<td style=\"width: 50%; text-align: right;\">on request<\/td>\n<\/tr>\n<\/tbody>\n<\/table>\n<p>Die angegeben Preise sind Beispiele. Eine f\u00fcr Sie zu 100% verbindliche und aussagekr\u00e4ftige, exakte Berechnung erstellen wir Ihnen gerne nach Begutachtung der K\u00f6rperzone, auf der T\u00e4towierungen, Permanent Makeup oder Pigmentst\u00f6rungen entfernt werden sollen. Die angegebenen Preise setzen eine Einmalzahlung voraus.[\/et_pb_accordion_item][\/et_pb_accordion][\/et_pb_column][\/et_pb_row][\/et_pb_section]<\/p>","protected":false},"excerpt":{"rendered":"<p>&#8222;Und wenn wir die ganze Welt durchreisen, um das Sch\u00f6ne zu finden: Wir m\u00fcssen es in uns tragen, sonst finden wir es nicht.&#8220; Ralph Waldo Emerson Lipolyse(pro Behandlung) 350,00 \u2013 550,00 \u20ac In der Regel sind zwei bis drei Behandlungen im Abstand von f\u00fcnf bis acht Wochen notwendig. Zornesfalten (je 20 Einheiten) 190,00 \u20ac Kinnfalten(Bunny [&hellip;]<\/p>","protected":false},"author":1,"featured_media":0,"parent":0,"menu_order":0,"comment_status":"closed","ping_status":"closed","template":"","meta":{"_et_pb_use_builder":"on","_et_pb_old_content":"","_et_gb_content_width":"","footnotes":""},"class_list":["post-25526","page","type-page","status-publish","hentry"],"_links":{"self":[{"href":"https:\/\/aesthetik-ocz-bonn.de\/en\/wp-json\/wp\/v2\/pages\/25526","targetHints":{"allow":["GET"]}}],"collection":[{"href":"https:\/\/aesthetik-ocz-bonn.de\/en\/wp-json\/wp\/v2\/pages"}],"about":[{"href":"https:\/\/aesthetik-ocz-bonn.de\/en\/wp-json\/wp\/v2\/types\/page"}],"author":[{"embeddable":true,"href":"https:\/\/aesthetik-ocz-bonn.de\/en\/wp-json\/wp\/v2\/users\/1"}],"replies":[{"embeddable":true,"href":"https:\/\/aesthetik-ocz-bonn.de\/en\/wp-json\/wp\/v2\/comments?post=25526"}],"version-history":[{"count":34,"href":"https:\/\/aesthetik-ocz-bonn.de\/en\/wp-json\/wp\/v2\/pages\/25526\/revisions"}],"predecessor-version":[{"id":25893,"href":"https:\/\/aesthetik-ocz-bonn.de\/en\/wp-json\/wp\/v2\/pages\/25526\/revisions\/25893"}],"wp:attachment":[{"href":"https:\/\/aesthetik-ocz-bonn.de\/en\/wp-json\/wp\/v2\/media?parent=25526"}],"curies":[{"name":"wp","href":"https:\/\/api.w.org\/{rel}","templated":true}]}}